{"id":713,"date":"2019-10-11T04:22:57","date_gmt":"2019-10-11T04:22:57","guid":{"rendered":"https:\/\/www.scoalavalcau.ro\/?page_id=713"},"modified":"2026-03-20T07:32:32","modified_gmt":"2026-03-20T07:32:32","slug":"misiunea-si-viziunea-scolii","status":"publish","type":"page","link":"https:\/\/www.scoalavalcau.ro\/?page_id=713","title":{"rendered":"Misiunea si viziunea scolii"},"content":{"rendered":"<p>[vc_row][vc_column][vc_single_image image=&#8221;1296&#8243; img_size=&#8221;medium&#8221; alignment=&#8221;center&#8221;][\/vc_column][\/vc_row][vc_row][vc_column][vc_message icon_fontawesome=&#8221;fab fa-maxcdn&#8221;]<\/p>\n<h2 style=\"text-align: center;\">Misiunea<\/h2>\n<p>[\/vc_message][vc_custom_heading text=&#8221;<br \/>\n\u015ecoala Gimnazial\u0103 Nr. 1 Valcau de Jos ca institu\u0163ie de baz\u0103 \u00een formarea personalit\u0103\u0163ii umane, asigur\u0103 fiec\u0103rui elev \u015fi pre\u015fcolar acces egal \u015fi sporit la o educa\u0163ie de calitate, o dezvoltare global\u0103 a acestuia, indiferent de apartenen\u0163a social\u0103, etnic\u0103 sau religioas\u0103, prin crearea unui spa\u0163iu educa\u0163ional adecvat, printr-o activitate centrat\u0103&nbsp; pe elev \u015fi prin valorificarea competen\u0163elor profesionale ale cadrelor didactice , \u00een parteneriat cu p\u0103rin\u0163ii \u015fi comunitatea local\u0103.<\/p>\n<p>&nbsp;&#8221; font_container=&#8221;tag:h3|text_align:center|color:%23ffffff&#8221; google_fonts=&#8221;font_family:Content%3Aregular%2C700|font_style:400%20regular%3A400%3Anormal&#8221; css=&#8221;.vc_custom_1773991937233{background-color: #1e73be !important;}&#8221;][vc_message icon_fontawesome=&#8221;fab fa-vimeo-square&#8221;]<\/p>\n<h2 style=\"text-align: center;\">Viziunea<\/h2>\n<p>[\/vc_message][vc_custom_heading text=&#8221;<br \/>\n\u00cen viziunea \u0219colii noastre procesul instructiv-educativ trebuie sa satisfaca cerintele invatamantului modern european, sa ofere elevilor din circumscriptie servicii educationale de calitate care sa atinga indicatorii si standardele de performanta impuse de normele calitatii.<\/p>\n<p>Ne propunem ca prin calitate sa satisfacem increderea publica si sa contribuim la dezvoltarea personala a elevilor prin formare de capacitati cognitive si prin insusire de valori civice, morale si&nbsp;etice.<\/p>\n<p>Concepem scoala ca o institutie capabila sa aplice principii europene deschisa catre comunitate in care sa se dezvolte o educatie incluziva, facilitatand accesul si participarea tuturor actorilor educationali.&#8221; font_container=&#8221;tag:h3|text_align:center|color:%23ffffff&#8221; google_fonts=&#8221;font_family:Content%3Aregular%2C700|font_style:400%20regular%3A400%3Anormal&#8221; css=&#8221;.vc_custom_1773991950553{background-color: #dd3333 !important;}&#8221;][\/vc_column][\/vc_row]<\/p>\n","protected":false},"excerpt":{"rendered":"<p>[vc_row][vc_column][vc_single_image image=&#8221;1296&#8243; img_size=&#8221;medium&#8221; alignment=&#8221;center&#8221;][\/vc_column][\/vc_row][vc_row][vc_column][vc_message icon_fontawesome=&#8221;fab fa-maxcdn&#8221;] Misiunea [\/vc_message][vc_custom_heading text=&#8221; \u015ecoala Gimnazial\u0103 Nr. 1 Valcau de Jos ca institu\u0163ie de baz\u0103 \u00een formarea personalit\u0103\u0163ii umane, asigur\u0103 fiec\u0103rui elev \u015fi pre\u015fcolar acces &hellip; <\/p>\n","protected":false},"author":1,"featured_media":1321,"parent":6,"menu_order":0,"comment_status":"closed","ping_status":"closed","template":"","meta":{"ngg_post_thumbnail":0,"footnotes":""},"class_list":["post-713","page","type-page","status-publish","has-post-thumbnail","hentry"],"_links":{"self":[{"href":"https:\/\/www.scoalavalcau.ro\/index.php?rest_route=\/wp\/v2\/pages\/713","targetHints":{"allow":["GET"]}}],"collection":[{"href":"https:\/\/www.scoalavalcau.ro\/index.php?rest_route=\/wp\/v2\/pages"}],"about":[{"href":"https:\/\/www.scoalavalcau.ro\/index.php?rest_route=\/wp\/v2\/types\/page"}],"author":[{"embeddable":true,"href":"https:\/\/www.scoalavalcau.ro\/index.php?rest_route=\/wp\/v2\/users\/1"}],"replies":[{"embeddable":true,"href":"https:\/\/www.scoalavalcau.ro\/index.php?rest_route=%2Fwp%2Fv2%2Fcomments&post=713"}],"version-history":[{"count":26,"href":"https:\/\/www.scoalavalcau.ro\/index.php?rest_route=\/wp\/v2\/pages\/713\/revisions"}],"predecessor-version":[{"id":1358,"href":"https:\/\/www.scoalavalcau.ro\/index.php?rest_route=\/wp\/v2\/pages\/713\/revisions\/1358"}],"up":[{"embeddable":true,"href":"https:\/\/www.scoalavalcau.ro\/index.php?rest_route=\/wp\/v2\/pages\/6"}],"wp:featuredmedia":[{"embeddable":true,"href":"https:\/\/www.scoalavalcau.ro\/index.php?rest_route=\/wp\/v2\/media\/1321"}],"wp:attachment":[{"href":"https:\/\/www.scoalavalcau.ro\/index.php?rest_route=%2Fwp%2Fv2%2Fmedia&parent=713"}],"curies":[{"name":"wp","href":"https:\/\/api.w.org\/{rel}","templated":true}]}}