{"id":601,"date":"2016-10-28T14:41:04","date_gmt":"2016-10-28T14:41:04","guid":{"rendered":"https:\/\/www.scoalavalcau.ro\/?page_id=601"},"modified":"2024-03-24T14:31:16","modified_gmt":"2024-03-24T14:31:16","slug":"sarcinile-personalului-didactic","status":"publish","type":"page","link":"https:\/\/www.scoalavalcau.ro\/?page_id=601","title":{"rendered":"Sarcinile personalului didactic"},"content":{"rendered":"<p style=\"text-align: center;\"><span style=\"font-size: xx-large;\"><i><b>Sarcinile personalului didactic <\/b><\/i><\/span><\/p>\n<p style=\"text-align: center;\"><span style=\"font-size: xx-large;\"><i><b>de serviciu<\/b><\/i><\/span><\/p>\n<p><span style=\"font-size: large;\">1.Prezen\u0163a \u00een unitatea \u015fcolar\u0103 va fi la ora 7,40 \u015fi \u00ee\u015fi \u00eencheie activitatea la ora 14,15 urm\u0103rind \u00eentreaga activitate din \u015fcoal\u0103, \u00eendeplinind \u015fi sarcinile directorului \u00een lipsa acestuia.<\/span><\/p>\n<p><span style=\"font-size: large;\">2.\u00cen fiecare pauz\u0103 supravegheaz\u0103 elevii, cu sprijinul elevilor de serviciu pe \u015fcoal\u0103.<\/span><\/p>\n<p lang=\"it-IT\"><span style=\"font-size: large;\">3.La ora 7,55, elevii vor fi aduna\u0163i \u00een careu pentru a intona Imnul de Stat al Rom\u00e2niei.<\/span><\/p>\n<p><span style=\"font-size: large;\"><span lang=\"it-IT\">4.Informeaz\u0103 conducerea \u015fcolii despre situa\u0163iile deosebite ce apar pe parcursul zilei, precum \u015fi inva\u0163\u0103torii \u015fi dirigin\u0163ii, despre unele nereguli semnalate la clas\u0103.<\/span><\/span><\/p>\n<p lang=\"it-IT\"><span style=\"font-size: large;\">5.Asigur\u0103 suplinirea cadrelor didactice care absenteaz\u0103.<\/span><\/p>\n<p lang=\"it-IT\"><span style=\"font-size: large;\">6.Controleaz\u0103 elevii de serviciu pe clase, referitor la \u00eendeplinirea sarcinilor.<\/span><\/p>\n<p><span style=\"font-size: large;\"><span lang=\"it-IT\">7.R\u0103spunde de securitatea documentelor \u015fcolare la plecarea din unitate; cataloage-condic\u0103.<\/span><\/span><\/p>\n<p lang=\"it-IT\"><span style=\"font-size: large;\">8.Ofer\u0103 rela\u0163ii, \u00eendrum\u0103ri, informa\u0163ii necesare persoanelor str\u0103ine care intr\u0103 \u00een unitate.<\/span><\/p>\n<p><span style=\"font-size: large;\"><span lang=\"it-IT\">9.Controleaz\u0103 modul de p\u0103strare \u015fi \u00eentre\u0163inere a tuturor spa\u0163iilor de \u00eenv\u0103\u0163am\u00e2nt, mobiliz\u00e2nd personalul de \u00eentre\u0163inere la buna gospod\u0103rire a acestora.<\/span><\/span><\/p>\n<p><span style=\"font-size: large;\">10. Sun\u0103 pentru intrare\/ie\u015fire la ore, respect\u00e2nd timpul pentru ore \u015fi pauze.<\/span><\/p>\n<p><span style=\"font-size: large;\">11. Previne fuga elevilor de la ore \u015fi interzice intrarea \u00een \u015fcoal\u0103 a persoanelor<\/span><\/p>\n<p><span style=\"font-size: large;\">ce pot avea influen\u0163e negative asupra activit\u0103\u0163ii din \u015fcoal\u0103.<\/span><\/p>\n<p><span style=\"font-size: large;\">12. Urm\u0103re\u015fte prevenirea accidentelor, incendiilor \u00een \u015fcoal\u0103, prin impunerea <\/span><\/p>\n<p><span style=\"font-size: large;\">unor reguli de comportament, care s\u0103 duc\u0103 la creearea unei atmosfere <\/span><\/p>\n<p><span style=\"font-size: large;\">normale \u00een incinta \u015fcolii.<\/span><\/p>\n<p><span style=\"font-size: large;\"><span lang=\"it-IT\">13. Urm\u0103re\u015fte buna func\u0163ionare a instala\u0163iei de ap\u0103 \u015fi a grupurilor sanitare.<\/span><\/span><\/p>\n<p><span style=\"font-size: large;\">14. Interzice desf\u0103\u015furarea \u00een \u015fcoal\u0103 \u015fi \u00een curtea \u015fcolii a unor activit\u0103\u0163i <\/span><\/p>\n<p><span style=\"font-size: large;\">nespecifice \u015fi neadmise \u00een \u015fcoli: comer\u0163, consum de alcool, droguri, <\/span><\/p>\n<p><span style=\"font-size: large;\">prozelitism religios.<\/span><\/p>\n<p><span style=\"font-size: large;\">15. \u00cen absen\u0163a directorului\/secretarei ia m\u0103suri pentru a se solu\u0163iona notele telefonice <\/span><\/p>\n<p><span style=\"font-size: large;\">primite \u00een \u015fcoala.<\/span><\/p>\n<p><span style=\"font-size: large;\">16. Confirm\u0103 prin semn\u0103tur\u0103 \u00een condica de prezen\u0163\u0103, efectuarea activit\u0103\u0163ilor prev\u0103zute <\/span><\/p>\n<p><span style=\"font-size: large;\">pentru ziua respectiv\u0103.<\/span><\/p>\n<p><span style=\"font-size: large;\"><span lang=\"it-IT\">17. Efectuarea serviciului pe \u015fcoal\u0103 este obligatoriu. Ne\u00eendeplinirea prevederilor <\/span><\/span><\/p>\n<p><span style=\"font-size: large;\">prezentului regulament atrage dup\u0103 sine sanc\u0163ionarea cadrului didactic de serviciu <\/span><\/p>\n<p><span style=\"font-size: large;\">conform legislatiei in vigoare.<\/span><\/p>\n<p><strong><span style=\"font-size: large;\">&nbsp; &nbsp; &nbsp; &nbsp; Director,&nbsp; &nbsp; &nbsp; &nbsp; &nbsp; &nbsp; &nbsp; &nbsp; &nbsp; &nbsp; &nbsp; &nbsp; &nbsp; &nbsp; &nbsp; &nbsp; &nbsp; &nbsp; &nbsp; &nbsp; &nbsp; &nbsp; &nbsp; &nbsp; &nbsp; &nbsp; &nbsp; &nbsp; &nbsp; &nbsp; &nbsp; &nbsp; &nbsp; &nbsp; &nbsp; &nbsp; &nbsp; &nbsp; &nbsp; &nbsp; &nbsp; &nbsp; &nbsp; &nbsp;Consilier educativ<\/span><\/strong><\/p>\n<p><strong><span style=\"font-size: large;\"><span lang=\"it-IT\">&nbsp;Prof. Claudia Blaga&nbsp; &nbsp; &nbsp; &nbsp; &nbsp; &nbsp; &nbsp; &nbsp; &nbsp; &nbsp; &nbsp; &nbsp; &nbsp; &nbsp; &nbsp; &nbsp; &nbsp; &nbsp; &nbsp; &nbsp; &nbsp; &nbsp; &nbsp; &nbsp; &nbsp; &nbsp; &nbsp; &nbsp; &nbsp; &nbsp; &nbsp; &nbsp; &nbsp; &nbsp; Prof. <\/span><\/span><span style=\"font-size: large;\">Adina Maria Palcea<\/span><\/strong><\/p>\n","protected":false},"excerpt":{"rendered":"<p>Sarcinile personalului didactic de serviciu 1.Prezen\u0163a \u00een unitatea \u015fcolar\u0103 va fi la ora 7,40 \u015fi \u00ee\u015fi \u00eencheie activitatea la ora 14,15 urm\u0103rind \u00eentreaga activitate din \u015fcoal\u0103, \u00eendeplinind \u015fi sarcinile directorului &hellip; <\/p>\n","protected":false},"author":1,"featured_media":0,"parent":12,"menu_order":4,"comment_status":"closed","ping_status":"closed","template":"","meta":{"ngg_post_thumbnail":0,"footnotes":""},"class_list":["post-601","page","type-page","status-publish","hentry"],"_links":{"self":[{"href":"https:\/\/www.scoalavalcau.ro\/index.php?rest_route=\/wp\/v2\/pages\/601","targetHints":{"allow":["GET"]}}],"collection":[{"href":"https:\/\/www.scoalavalcau.ro\/index.php?rest_route=\/wp\/v2\/pages"}],"about":[{"href":"https:\/\/www.scoalavalcau.ro\/index.php?rest_route=\/wp\/v2\/types\/page"}],"author":[{"embeddable":true,"href":"https:\/\/www.scoalavalcau.ro\/index.php?rest_route=\/wp\/v2\/users\/1"}],"replies":[{"embeddable":true,"href":"https:\/\/www.scoalavalcau.ro\/index.php?rest_route=%2Fwp%2Fv2%2Fcomments&post=601"}],"version-history":[{"count":20,"href":"https:\/\/www.scoalavalcau.ro\/index.php?rest_route=\/wp\/v2\/pages\/601\/revisions"}],"predecessor-version":[{"id":1027,"href":"https:\/\/www.scoalavalcau.ro\/index.php?rest_route=\/wp\/v2\/pages\/601\/revisions\/1027"}],"up":[{"embeddable":true,"href":"https:\/\/www.scoalavalcau.ro\/index.php?rest_route=\/wp\/v2\/pages\/12"}],"wp:attachment":[{"href":"https:\/\/www.scoalavalcau.ro\/index.php?rest_route=%2Fwp%2Fv2%2Fmedia&parent=601"}],"curies":[{"name":"wp","href":"https:\/\/api.w.org\/{rel}","templated":true}]}}