{"id":6,"date":"2013-03-19T21:17:01","date_gmt":"2013-03-19T21:17:01","guid":{"rendered":"https:\/\/www.scoalavalcau.ro\/?page_id=6"},"modified":"2022-06-20T19:00:14","modified_gmt":"2022-06-20T19:00:14","slug":"prezentarea-scolii","status":"publish","type":"page","link":"https:\/\/www.scoalavalcau.ro\/?page_id=6","title":{"rendered":"Prezentarea scolii"},"content":{"rendered":"<p>[vc_row][vc_column][vc_gallery type=&#8221;image_grid&#8221; images=&#8221;938,939,940,941,942,943,944,945,946,947,948,949&#8243; img_size=&#8221;100&#215;100&#8243; title=&#8221;Scoala noastra in imagini&#8221;][\/vc_column][\/vc_row][vc_row][vc_column][vc_column_text]<span style=\"color: #000000;\"><strong>\u015ecoala gimnazial\u0103 Valc\u0103u de Jos<\/strong> este a\u015fezat\u0103 pe strada principal\u0103 a localit\u0103\u0163ii Valc\u0103u de Jos.<\/span><\/p>\n<div>\n<div>\n<div>\n<div>\n<div>\n<div>\n<p><span style=\"color: #000000;\">Din punct de vedere social se apreciaz\u0103 faptul c\u0103 ponderea o de\u0163in elevii care provin din familii de muncitori.<\/span><\/p>\n<p><span style=\"color: #000000;\">Num\u0103rul fiilor de intelectuali este mic, predomin\u00e2nd, de asemenea copii ai c\u0103ror p\u0103rin\u0163i sunt \u015fomeri. Exist\u0103 \u015fi romi. Mul\u0163i dintre copiii \u015fcolii noastre au p\u0103rin\u0163i care muncesc \u00een str\u0103in\u0103tate.<\/span><\/p>\n<p><span style=\"color: #000000;\">Structura claselor, \u00een general, este eterogen\u0103; unii elevi sunt foarte buni, al\u0163ii sunt de nivel mediu;&nbsp; exist\u0103 \u00eens\u0103 \u015fi copii cu posibilit\u0103\u0163i intelectuale limitate.<\/span><\/p>\n<p><span style=\"color: #000000;\">Din ultima categorie provin cei care la sf\u00e2r\u015fitul anului au fost declara\u0163i repeten\u0163i.<\/span><\/p>\n<p>&nbsp;<\/p>\n<p><span style=\"color: #000000;\"><b>SPA\u0162II DE \u00ceNV\u0102\u0162\u0102M\u00c2NT Scoala Gimnaziala Nr. 1 Valcau de Jos<\/b><\/span><\/p>\n<p><span style=\"color: #000000;\">&#8211;&nbsp;&nbsp;&nbsp;&nbsp;&nbsp;&nbsp;&nbsp;&nbsp;&nbsp;8 s\u0103li de clas\u0103<\/span><\/p>\n<p><span style=\"color: #000000;\">&#8211;&nbsp;&nbsp;&nbsp;&nbsp;&nbsp;&nbsp;&nbsp;&nbsp;&nbsp;Sala profesorala<\/span><\/p>\n<p><span style=\"color: #000000;\">&#8211;&nbsp;&nbsp;&nbsp;&nbsp;&nbsp;&nbsp;&nbsp;&nbsp;&nbsp;Sala de sport<\/span><\/p>\n<p><span style=\"color: #000000;\">&#8211;&nbsp;&nbsp;&nbsp;&nbsp;&nbsp;&nbsp;&nbsp;&nbsp;&nbsp;Directiune<\/span><\/p>\n<p><span style=\"color: #000000;\">&#8211;&nbsp;&nbsp;&nbsp;&nbsp;&nbsp;&nbsp;&nbsp;&nbsp;&nbsp;Secretariat<\/span><\/p>\n<p><span style=\"color: #000000;\">&#8211;&nbsp;&nbsp;&nbsp;&nbsp;&nbsp;&nbsp;&nbsp;&nbsp;&nbsp;1 sala Centru de documentare si informare<\/span><\/p>\n<p><span style=\"color: #000000;\">&#8211;&nbsp;&nbsp;&nbsp;&nbsp;&nbsp;&nbsp;&nbsp;&nbsp;&nbsp;1 sala de traditii amenajata prin proiect PIR<\/span><\/p>\n<\/div>\n<div>&nbsp;<\/div>\n<\/div>\n<\/div>\n<\/div>\n<\/div>\n<\/div>\n<div>&nbsp;<\/div>\n<p>[\/vc_column_text][\/vc_column][\/vc_row]<\/p>\n","protected":false},"excerpt":{"rendered":"<p>[vc_row][vc_column][vc_gallery type=&#8221;image_grid&#8221; images=&#8221;938,939,940,941,942,943,944,945,946,947,948,949&#8243; img_size=&#8221;100&#215;100&#8243; title=&#8221;Scoala noastra in imagini&#8221;][\/vc_column][\/vc_row][vc_row][vc_column][vc_column_text]\u015ecoala gimnazial\u0103 Valc\u0103u de Jos este a\u015fezat\u0103 pe strada principal\u0103 a localit\u0103\u0163ii Valc\u0103u de Jos. Din punct de vedere social se apreciaz\u0103 faptul &hellip; <\/p>\n","protected":false},"author":1,"featured_media":0,"parent":0,"menu_order":1,"comment_status":"open","ping_status":"open","template":"","meta":{"ngg_post_thumbnail":0,"footnotes":""},"class_list":["post-6","page","type-page","status-publish","hentry"],"_links":{"self":[{"href":"https:\/\/www.scoalavalcau.ro\/index.php?rest_route=\/wp\/v2\/pages\/6","targetHints":{"allow":["GET"]}}],"collection":[{"href":"https:\/\/www.scoalavalcau.ro\/index.php?rest_route=\/wp\/v2\/pages"}],"about":[{"href":"https:\/\/www.scoalavalcau.ro\/index.php?rest_route=\/wp\/v2\/types\/page"}],"author":[{"embeddable":true,"href":"https:\/\/www.scoalavalcau.ro\/index.php?rest_route=\/wp\/v2\/users\/1"}],"replies":[{"embeddable":true,"href":"https:\/\/www.scoalavalcau.ro\/index.php?rest_route=%2Fwp%2Fv2%2Fcomments&post=6"}],"version-history":[{"count":12,"href":"https:\/\/www.scoalavalcau.ro\/index.php?rest_route=\/wp\/v2\/pages\/6\/revisions"}],"predecessor-version":[{"id":953,"href":"https:\/\/www.scoalavalcau.ro\/index.php?rest_route=\/wp\/v2\/pages\/6\/revisions\/953"}],"wp:attachment":[{"href":"https:\/\/www.scoalavalcau.ro\/index.php?rest_route=%2Fwp%2Fv2%2Fmedia&parent=6"}],"curies":[{"name":"wp","href":"https:\/\/api.w.org\/{rel}","templated":true}]}}