{"id":10,"date":"2013-03-19T21:17:29","date_gmt":"2013-03-19T21:17:29","guid":{"rendered":"https:\/\/www.scoalavalcau.ro\/?page_id=10"},"modified":"2019-10-11T04:27:25","modified_gmt":"2019-10-11T04:27:25","slug":"scurt-istoric","status":"publish","type":"page","link":"https:\/\/www.scoalavalcau.ro\/?page_id=10","title":{"rendered":"Scurt istoric"},"content":{"rendered":"<p style=\"text-align: justify;\"><span style=\"color: #000000;\"><strong>Localitatea Valc\u0103u de Jos&nbsp;<\/strong>este situata \u00een sud \u2013 vestul jude\u0163ului S\u0103laj.<\/span><\/p>\n<p style=\"text-align: justify;\"><span style=\"color: #000000;\">\u00cen ceea ce prive\u015fte numele localit\u0103\u0163ii, potrivit lui Petri Mor, toponimul de Valc\u0103u vine din cuv\u00e2ntul vlk, de origine slava, care \u00eenseamna lup.<\/span><br \/>\n<span style=\"color: #000000;\">Din punct de vedere istoric este pomenit\u0103 prima dat\u0103 \u00een anul 1214 cu numele de \u201c Villa Saicu\u201d. \u00cen anul 1249 este atestat\u0103 sub numele de \u201c Terra Walko\u201d.<\/span><br \/>\n<span style=\"color: #000000;\">\u00cen perioada de \u00eenceput, \u00eenva\u0163\u0103m\u00e2ntul, ca institu\u0163ie instructiv-educativa era organizat de c\u0103tre biseric\u0103 sub forma unor \u015fcoli confesionale. \u00cen Valc\u0103u de Jos \u015fcoala a fost \u00eenfiin\u0163at\u0103, se pare prin 1860-1861 \u015fi a func\u0163ionat ca o \u015fcoala confesional\u0103 rom\u00e2neasc\u0103. Limba de predare era limba rom\u00e2n\u0103.<\/span><br \/>\n<span style=\"color: #000000;\">La \u00eenceput se scria cu litere chirilice p\u00e2na prin anul 1876 c\u00e2nd a fost introdus alfabetul latin. \u015ecoala confesionala a functionat la \u00eenceput \u00een loc \u00eenchiriat \u015fi apoi \u00een localul propriu construit \u00een 1870 din lemn pe teritoriu bisericesc, cu o sala \u015fi doua chilii pentru \u00eenva\u0163\u0103tori, acoperit\u0103 cu \u015findrila.<\/span><br \/>\n<span style=\"color: #000000;\">\u015ecoala de stat maghiara s-a \u00eenfiin\u0163at \u00een anul 1896 \u00een cl\u0103dire \u00eenchiriata, iar \u00een anul 1902 s-a cumparat un teren cu bani de la to\u0163i locuitorii satului ( adica si de la rom\u00e2ni), pl\u0103tindu-se pentru un teren 1400 de coroane. Aceasta cl\u0103dire avea o sala \u015fi dou\u0103 \u201cchilii\u201d(anticamera si pivnita), zidit\u0103 din c\u0103r\u0103mid\u0103 \u015fi acoperit\u0103 cu \u0163igl\u0103.<\/span><br \/>\n<span style=\"color: #000000;\">Din documentele pe care le de\u0163inem \u00een arhiva \u015fcolii \u00een anul 1924 \u2013 1925 \u00een clasele I-IV existau un num\u0103r de 40 de elevi iar \u00een clasele V-VII 7 elevi. In perioada 1940-1944 s-a ajuns la aproximativ 200 de elevi \u015fi patru cadre didactice, acela\u015fi num\u0103r de elevi se men\u0163ine \u015fi \u00een perioada 1948-1949.<\/span><br \/>\n<span style=\"color: #000000;\">Actuala \u015fcoala a fost construit\u0103 \u00een anii 1965 \u2013 1966 c\u00e2nd existau doua sec\u0163ii, sec\u0163ia rom\u00e2na cu un numar de 78 elevi \u015fi sec\u0163ia maghiara cu 12 elevi.<\/span><br \/>\n<span style=\"color: #000000;\">\u00cen perioada urmatoare \u00eenv\u0103\u0163\u0103m\u00e2ntul \u00een \u015fcoala noastr\u0103 a evoluat cu un efectiv mai mare de elevi prin \u00eenfiin\u0163area unei trepte liceale. Dupa 1989 se revine la forma gimnazial\u0103 de \u00eenva\u0163am\u00e2nt, men\u0163in\u00e2ndu-se p\u00e2na \u00een prezent.<\/span><\/p>\n<p style=\"text-align: justify;\"><span style=\"color: #000000;\"><strong>MISIUNEA \u015eCOLII<\/strong><\/span><\/p>\n<p style=\"text-align: justify;\"><span style=\"color: #000000;\">Avem ca prioritate pregatirea elevilor pentru o lume \u00een schimbare, form\u00e2ndu-le capacitate, deprinderi \u015fi competen\u0163e care sa le permita sa-\u015fi gaseasca locul \u015fi menirea sociala.<\/span><br \/>\n<span style=\"color: #000000;\">Respectam fiecare elev, oric\u00e2t de modeste ar fi rezultatele \u015fcolare, identific\u00e2nd atuul \u015fi aptitudinile fiecaruia pentru a le putea valorifica.<\/span><br \/>\n<span style=\"color: #000000;\">Educam elevii pentru a deveni buni cetateni \u015fi, ceta\u0163eni de \u201c tip european\u201d<\/span><br \/>\n<span style=\"color: #000000;\">Facem tot posibilul ca \u015fcoala noastra sa devina o \u015fcoala moderna, cu cabinete \u015fi laboratoare, sala de sport, biblioteca s.a., astfel \u00eenc\u00e2t sa se \u015ftearga denumirea de \u201c\u015fcoala de \u0163ara\u201d.<\/span><br \/>\n<span style=\"color: #000000;\">\u015ecoala noastra accepta rolul de ini\u0163iator\/sus\u0163inator \u015fi catalizator al comunita\u0163ii, de continuator al tradi\u0163iilor locale.<\/span><\/p>\n","protected":false},"excerpt":{"rendered":"<p>Localitatea Valc\u0103u de Jos&nbsp;este situata \u00een sud \u2013 vestul jude\u0163ului S\u0103laj. \u00cen ceea ce prive\u015fte numele localit\u0103\u0163ii, potrivit lui Petri Mor, toponimul de Valc\u0103u vine din cuv\u00e2ntul vlk, de origine &hellip; <\/p>\n","protected":false},"author":1,"featured_media":0,"parent":6,"menu_order":1,"comment_status":"open","ping_status":"closed","template":"","meta":{"ngg_post_thumbnail":0,"footnotes":""},"class_list":["post-10","page","type-page","status-publish","hentry"],"_links":{"self":[{"href":"https:\/\/www.scoalavalcau.ro\/index.php?rest_route=\/wp\/v2\/pages\/10","targetHints":{"allow":["GET"]}}],"collection":[{"href":"https:\/\/www.scoalavalcau.ro\/index.php?rest_route=\/wp\/v2\/pages"}],"about":[{"href":"https:\/\/www.scoalavalcau.ro\/index.php?rest_route=\/wp\/v2\/types\/page"}],"author":[{"embeddable":true,"href":"https:\/\/www.scoalavalcau.ro\/index.php?rest_route=\/wp\/v2\/users\/1"}],"replies":[{"embeddable":true,"href":"https:\/\/www.scoalavalcau.ro\/index.php?rest_route=%2Fwp%2Fv2%2Fcomments&post=10"}],"version-history":[{"count":6,"href":"https:\/\/www.scoalavalcau.ro\/index.php?rest_route=\/wp\/v2\/pages\/10\/revisions"}],"predecessor-version":[{"id":720,"href":"https:\/\/www.scoalavalcau.ro\/index.php?rest_route=\/wp\/v2\/pages\/10\/revisions\/720"}],"up":[{"embeddable":true,"href":"https:\/\/www.scoalavalcau.ro\/index.php?rest_route=\/wp\/v2\/pages\/6"}],"wp:attachment":[{"href":"https:\/\/www.scoalavalcau.ro\/index.php?rest_route=%2Fwp%2Fv2%2Fmedia&parent=10"}],"curies":[{"name":"wp","href":"https:\/\/api.w.org\/{rel}","templated":true}]}}